{"id":654,"date":"2015-03-04T11:19:33","date_gmt":"2015-03-04T10:19:33","guid":{"rendered":"http:\/\/gimnazjum.holding.edu.pl\/?page_id=654"},"modified":"2015-03-14T07:28:26","modified_gmt":"2015-03-14T06:28:26","slug":"fizyka","status":"publish","type":"page","link":"http:\/\/gimnazjum.holding.edu.pl\/?page_id=654","title":{"rendered":"Fizyka"},"content":{"rendered":"<p>Liceum dla Doros\u0142ych &#8222;ERUDIO&#8221; &#8211; materia\u0142y z przedmiotu <strong>FIZYKA<\/strong><\/p>\n<p>1) Praca kontrolna<\/p>\n<p>\u00a0 \u00a0 \u00a0Plik PDF &#8211;\u00a0<a href=\"http:\/\/gimnazjum.holding.edu.pl\/wp-content\/uploads\/2015\/03\/praca-kontrolna-z-fizyki-2015.02.pdf\">praca kontrolna z fizyki<\/a><\/p>\n<p>2) Materia\u0142y do zaj\u0119\u0107<\/p>\n<p>\u00a0 \u00a0 a) Grawitacja:\u00a0<a href=\"http:\/\/gimnazjum.holding.edu.pl\/wp-content\/uploads\/2015\/03\/T1-ROZWOJ-POGLADOW-3.pdf\">T1 ROZWOJ POGLADOW<\/a><\/p>\n<p>\u00a0 \u00a0 b) Astronomia<\/p>\n<p>\u00a0 \u00a0 c) Fizyka atomowa<\/p>\n","protected":false},"excerpt":{"rendered":"<p>Liceum dla Doros\u0142ych &#8222;ERUDIO&#8221; &#8211; materia\u0142y z przedmiotu FIZYKA 1) Praca kontrolna \u00a0 \u00a0 \u00a0Plik PDF &#8211;\u00a0praca kontrolna z fizyki 2) Materia\u0142y do zaj\u0119\u0107 \u00a0 \u00a0 a) Grawitacja:\u00a0T1 ROZWOJ POGLADOW \u00a0 \u00a0 b) Astronomia \u00a0 \u00a0 c) Fizyka atomowa<\/p>\n","protected":false},"author":1,"featured_media":0,"parent":467,"menu_order":0,"comment_status":"closed","ping_status":"closed","template":"","meta":{"_exactmetrics_skip_tracking":false,"_exactmetrics_sitenote_active":false,"_exactmetrics_sitenote_note":"","_exactmetrics_sitenote_category":0,"ngg_post_thumbnail":0,"footnotes":""},"class_list":["post-654","page","type-page","status-publish","hentry"],"_links":{"self":[{"href":"http:\/\/gimnazjum.holding.edu.pl\/index.php?rest_route=\/wp\/v2\/pages\/654","targetHints":{"allow":["GET"]}}],"collection":[{"href":"http:\/\/gimnazjum.holding.edu.pl\/index.php?rest_route=\/wp\/v2\/pages"}],"about":[{"href":"http:\/\/gimnazjum.holding.edu.pl\/index.php?rest_route=\/wp\/v2\/types\/page"}],"author":[{"embeddable":true,"href":"http:\/\/gimnazjum.holding.edu.pl\/index.php?rest_route=\/wp\/v2\/users\/1"}],"replies":[{"embeddable":true,"href":"http:\/\/gimnazjum.holding.edu.pl\/index.php?rest_route=%2Fwp%2Fv2%2Fcomments&post=654"}],"version-history":[{"count":5,"href":"http:\/\/gimnazjum.holding.edu.pl\/index.php?rest_route=\/wp\/v2\/pages\/654\/revisions"}],"predecessor-version":[{"id":667,"href":"http:\/\/gimnazjum.holding.edu.pl\/index.php?rest_route=\/wp\/v2\/pages\/654\/revisions\/667"}],"up":[{"embeddable":true,"href":"http:\/\/gimnazjum.holding.edu.pl\/index.php?rest_route=\/wp\/v2\/pages\/467"}],"wp:attachment":[{"href":"http:\/\/gimnazjum.holding.edu.pl\/index.php?rest_route=%2Fwp%2Fv2%2Fmedia&parent=654"}],"curies":[{"name":"wp","href":"https:\/\/api.w.org\/{rel}","templated":true}]}}